{"id":42,"date":"2025-02-26T13:50:23","date_gmt":"2025-02-26T13:50:23","guid":{"rendered":"https:\/\/tiesyapi.com\/?page_id=42"},"modified":"2025-04-13T16:02:56","modified_gmt":"2025-04-13T16:02:56","slug":"hakkimizda","status":"publish","type":"page","link":"https:\/\/tiesyapi.com\/en\/hakkimizda\/","title":{"rendered":"About Us"},"content":{"rendered":"<div class=\"wpb-content-wrapper\"><div id=\"page-banner-row\" data-vc-full-width=\"true\" data-vc-full-width-init=\"false\" data-vc-stretch-content=\"true\" class=\"vc_row wpb_row vc_row-fluid vc_row-no-padding wd-rs-675bfa19b4bb4\"><div class=\"wpb_column vc_column_container vc_col-sm-12\"><div class=\"vc_column-inner\"><div class=\"wpb_wrapper\">\t\t<div class=\"promo-banner-wrapper  wd-rs-67ed091bf2cf8\">\n\t\t\t<div id=\"wd-67ed091bf2cf8\" class=\"promo-banner  banner- banner-hover-none color-scheme-light banner-btn-size-default banner-btn-style-default  wd-underline-colored\">\n\t\t\t\t<div class=\"main-wrapp-img\">\n\t\t\t\t\t<div class=\"banner-image wd-bg-position-center\" >\n\t\t\t\t\t\t<img loading=\"lazy\" decoding=\"async\" width=\"1920\" height=\"600\" src=\"https:\/\/tiesyapi.com\/wp-content\/uploads\/2025\/04\/hakkimizda-banner-img-010425-1-1920x600.jpg\" class=\"attachment-1920x600 size-1920x600\" alt=\"\" \/>\t\t\t\t\t<\/div>\n\t\t\t\t<\/div>\n\n\t\t\t\t<div class=\"wrapper-content-banner wd-fill  wd-items-bottom wd-justify-center\">\n\t\t\t\t\t<div class=\"content-banner  text-center\">\n\t\t\t\t\t\t<h4 class=\"banner-title wd-font-weight- wd-fontsize-l\">About Us<\/h4>\t\t\t\t\t\t\n\t\t\t\t\t\t\n\t\t\t\t\t\t\t\t\t\t\t<\/div>\n\t\t\t\t<\/div>\n\n\t\t\t\t\n\t\t\t\t\t\t\t<\/div>\n\t\t<\/div>\n\n\t\t<\/div><\/div><\/div><\/div><div class=\"vc_row-full-width vc_clearfix\"><\/div><div id=\"hakkimizda-row\" data-vc-full-width=\"true\" data-vc-full-width-init=\"false\" class=\"vc_row wpb_row vc_row-fluid vc_custom_1744560152085 vc_row-has-fill wd-rs-67fbe011dfbb9\"><div class=\"wpb_column vc_column_container vc_col-sm-12\"><div class=\"vc_column-inner\"><div class=\"wpb_wrapper\">\t\t<div id=\"wd-67fbd774c7fda\" class=\"wd-text-block wd-wpb reset-last-child wd-rs-67fbd774c7fda text-left\">\n\t\t\t<p style=\"text-align: center;\">Ties Yap\u0131 \u0130n\u015faat is a construction company that focuses on trust, quality, and aesthetics at the core of its operations in the construction industry. Since our establishment, we have viewed living spaces not only as physical structures but also as valuable environments that touch people's lives. With this approach, we give the same level of care to every project, guiding our work by combining modern architectural approaches with solid engineering.<\/p>\n<p style=\"text-align: center;\">Whether it's residential, commercial, or a special project, at Ties Yap\u0131 \u0130n\u015faat, we prioritize sustainability, functionality, and user comfort in every project. In all our projects, we stand out with our use of high-quality materials, attention to detail, and on-time delivery. Together with our expert team, we blend contemporary architectural understanding with aesthetic details to build long-lasting structures that increase in value.<\/p>\n<p style=\"text-align: center;\">We always consider customer satisfaction as our top priority, building strong partnerships based on transparency and honesty. Because we don't just construct buildings; we create safe and peaceful spaces where life thrives.<\/p>\n\t\t<\/div>\n\t\t<\/div><\/div><\/div><\/div><div class=\"vc_row-full-width vc_clearfix\"><\/div><div id=\"misyon-row\" class=\"vc_row wpb_row vc_row-fluid vc_custom_1744560128411 row-reverse-mobile wd-rs-67fbdffbc6297\"><div class=\"wpb_column vc_column_container vc_col-sm-6\"><div class=\"vc_column-inner\"><div class=\"wpb_wrapper\">\t\t<div id=\"wd-67fbd9fa69fbb\" class=\"wd-text-block wd-wpb reset-last-child wd-rs-67fbd9fa69fbb text-left\">\n\t\t\t<h2>Our Mission<\/h2>\n<p>As Ties Yap\u0131 \u0130n\u015faat, our mission is to build safe, aesthetic, and functional structures that meet the demands of the modern era; to reflect our industry knowledge and experience in every project and provide our clients with solutions that meet high-quality standards.<\/p>\n<p>In our projects, we take both individual and corporate needs into account, prioritizing sustainability with environmentally friendly approaches. With quality craftsmanship, strong infrastructure, and solid planning, we aim to add value to the urban fabric while enhancing people's quality of life.<\/p>\n<p>At the same time, we adopt a service approach based on business ethics, reliability, and transparency, working to maintain the highest level of customer satisfaction. We always aim to produce better, constantly renewing ourselves by closely following developments in the industry.<\/p>\n\t\t<\/div>\n\t\t<\/div><\/div><\/div><div class=\"wpb_column vc_column_container vc_col-sm-6\"><div class=\"vc_column-inner\"><div class=\"wpb_wrapper\">\t\t<div id=\"wd-67fbdd9933445\" class=\"wd-image wd-wpb wd-rs-67fbdd9933445 text-left\">\n\t\t\t\n\t\t\t<img loading=\"lazy\" decoding=\"async\" width=\"900\" height=\"1200\" src=\"https:\/\/tiesyapi.com\/wp-content\/uploads\/2025\/04\/hakkimizda-banner-images-130425-1.jpg\" class=\"attachment-900x1200 size-900x1200\" alt=\"\" srcset=\"https:\/\/tiesyapi.com\/wp-content\/uploads\/2025\/04\/hakkimizda-banner-images-130425-1.jpg 900w, https:\/\/tiesyapi.com\/wp-content\/uploads\/2025\/04\/hakkimizda-banner-images-130425-1-225x300.jpg 225w, https:\/\/tiesyapi.com\/wp-content\/uploads\/2025\/04\/hakkimizda-banner-images-130425-1-768x1024.jpg 768w, https:\/\/tiesyapi.com\/wp-content\/uploads\/2025\/04\/hakkimizda-banner-images-130425-1-9x12.jpg 9w\" sizes=\"auto, (max-width: 900px) 100vw, 900px\" \/>\n\t\t\t\t\t<\/div>\n\t\t<\/div><\/div><\/div><\/div><div id=\"vizyon-row\" data-vc-full-width=\"true\" data-vc-full-width-init=\"false\" class=\"vc_row wpb_row vc_row-fluid vc_custom_1744560175001 vc_row-has-fill wd-rs-67fbe0226911e\"><div class=\"wpb_column vc_column_container vc_col-sm-6\"><div class=\"vc_column-inner\"><div class=\"wpb_wrapper\">\t\t<div id=\"wd-67fbdf511a522\" class=\"wd-image wd-wpb wd-rs-67fbdf511a522 text-left\">\n\t\t\t\n\t\t\t<img loading=\"lazy\" decoding=\"async\" width=\"900\" height=\"1200\" src=\"https:\/\/tiesyapi.com\/wp-content\/uploads\/2025\/04\/hakkimizda-banner-images-130425-2.jpg\" class=\"attachment-900x1200 size-900x1200\" alt=\"\" srcset=\"https:\/\/tiesyapi.com\/wp-content\/uploads\/2025\/04\/hakkimizda-banner-images-130425-2.jpg 900w, https:\/\/tiesyapi.com\/wp-content\/uploads\/2025\/04\/hakkimizda-banner-images-130425-2-225x300.jpg 225w, https:\/\/tiesyapi.com\/wp-content\/uploads\/2025\/04\/hakkimizda-banner-images-130425-2-768x1024.jpg 768w, https:\/\/tiesyapi.com\/wp-content\/uploads\/2025\/04\/hakkimizda-banner-images-130425-2-9x12.jpg 9w\" sizes=\"auto, (max-width: 900px) 100vw, 900px\" \/>\n\t\t\t\t\t<\/div>\n\t\t<\/div><\/div><\/div><div class=\"wpb_column vc_column_container vc_col-sm-6\"><div class=\"vc_column-inner\"><div class=\"wpb_wrapper\">\t\t<div id=\"wd-67fbdf27aa606\" class=\"wd-text-block wd-wpb reset-last-child wd-rs-67fbdf27aa606 text-left\">\n\t\t\t<h2>Our Vision<\/h2>\n<p>Our vision is to be recognized as an innovative and pioneering company in the Turkish construction sector, to make a difference with projects that reflect our productivity and creativity, and to become a symbol of trust and quality on a national scale.<\/p>\n<p>As Ties Yap\u0131 \u0130n\u015faat, we aim to build not only the living spaces of today but also those of the future. In this regard, we closely follow technology, embrace sustainable urbanism, and add value to people's lives through our architectural solutions.<\/p>\n<p>We believe that long-term success is achievable through a solid corporate structure and a customer-focused approach. We work tirelessly to turn envisioned living spaces into reality and leave a lasting mark on the industry.<\/p>\n\t\t<\/div>\n\t\t<\/div><\/div><\/div><\/div><div class=\"vc_row-full-width vc_clearfix\"><\/div>\n<\/div>","protected":false},"excerpt":{"rendered":"Hakk\u0131m\u0131zda Ties Yap\u0131 \u0130n\u015faat, in\u015faat sekt\u00f6r\u00fcnde g\u00fcven, kalite ve estetik kavramlar\u0131n\u0131 merkeze alarak faaliyet g\u00f6steren bir yap\u0131 firmas\u0131d\u0131r. Kuruldu\u011fumuz g\u00fcnden","protected":false},"author":1,"featured_media":0,"parent":0,"menu_order":0,"comment_status":"closed","ping_status":"closed","template":"","meta":{"footnotes":""},"class_list":["post-42","page","type-page","status-publish","hentry"],"_links":{"self":[{"href":"https:\/\/tiesyapi.com\/en\/wp-json\/wp\/v2\/pages\/42","targetHints":{"allow":["GET"]}}],"collection":[{"href":"https:\/\/tiesyapi.com\/en\/wp-json\/wp\/v2\/pages"}],"about":[{"href":"https:\/\/tiesyapi.com\/en\/wp-json\/wp\/v2\/types\/page"}],"author":[{"embeddable":true,"href":"https:\/\/tiesyapi.com\/en\/wp-json\/wp\/v2\/users\/1"}],"replies":[{"embeddable":true,"href":"https:\/\/tiesyapi.com\/en\/wp-json\/wp\/v2\/comments?post=42"}],"version-history":[{"count":16,"href":"https:\/\/tiesyapi.com\/en\/wp-json\/wp\/v2\/pages\/42\/revisions"}],"predecessor-version":[{"id":335,"href":"https:\/\/tiesyapi.com\/en\/wp-json\/wp\/v2\/pages\/42\/revisions\/335"}],"wp:attachment":[{"href":"https:\/\/tiesyapi.com\/en\/wp-json\/wp\/v2\/media?parent=42"}],"curies":[{"name":"wp","href":"https:\/\/api.w.org\/{rel}","templated":true}]}}