{"id":40,"date":"2025-02-26T13:50:16","date_gmt":"2025-02-26T13:50:16","guid":{"rendered":"https:\/\/tiesyapi.com\/?page_id=40"},"modified":"2025-04-13T16:32:24","modified_gmt":"2025-04-13T16:32:24","slug":"projeler","status":"publish","type":"page","link":"https:\/\/tiesyapi.com\/en\/projeler\/","title":{"rendered":"Projects"},"content":{"rendered":"<div class=\"wpb-content-wrapper\"><div id=\"page-banner-row\" data-vc-full-width=\"true\" data-vc-full-width-init=\"false\" data-vc-stretch-content=\"true\" class=\"vc_row wpb_row vc_row-fluid vc_row-no-padding wd-rs-675bfa19b4bb4\"><div class=\"wpb_column vc_column_container vc_col-sm-12\"><div class=\"vc_column-inner\"><div class=\"wpb_wrapper\">\t\t<div class=\"promo-banner-wrapper  wd-rs-67ec6b2ca3e5f\">\n\t\t\t<div id=\"wd-67ec6b2ca3e5f\" class=\"promo-banner  banner- banner-hover-none color-scheme-light banner-btn-size-default banner-btn-style-default  wd-underline-colored\">\n\t\t\t\t<div class=\"main-wrapp-img\">\n\t\t\t\t\t<div class=\"banner-image wd-bg-position-center\" >\n\t\t\t\t\t\t<img loading=\"lazy\" decoding=\"async\" width=\"1920\" height=\"600\" src=\"https:\/\/tiesyapi.com\/wp-content\/uploads\/2025\/04\/projeler-banner-img-020425-1.jpg\" class=\"attachment-1920x600 size-1920x600\" alt=\"\" \/>\t\t\t\t\t<\/div>\n\t\t\t\t<\/div>\n\n\t\t\t\t<div class=\"wrapper-content-banner wd-fill  wd-items-bottom wd-justify-center\">\n\t\t\t\t\t<div class=\"content-banner  text-center\">\n\t\t\t\t\t\t<h4 class=\"banner-title wd-font-weight- wd-fontsize-l\">Projects<\/h4>\t\t\t\t\t\t\n\t\t\t\t\t\t\n\t\t\t\t\t\t\t\t\t\t\t<\/div>\n\t\t\t\t<\/div>\n\n\t\t\t\t\n\t\t\t\t\t\t\t<\/div>\n\t\t<\/div>\n\n\t\t<\/div><\/div><\/div><\/div><div class=\"vc_row-full-width vc_clearfix\"><\/div><div id=\"projeler-text-row\" data-vc-full-width=\"true\" data-vc-full-width-init=\"false\" class=\"vc_row wpb_row vc_row-fluid vc_custom_1743578346366 vc_row-has-fill wd-rs-67ece4e4778e5\"><div class=\"wpb_column vc_column_container vc_col-sm-12\"><div class=\"vc_column-inner\"><div class=\"wpb_wrapper\">\t\t<div id=\"wd-67fbe2a842de2\" class=\"wd-text-block wd-wpb reset-last-child wd-rs-67fbe2a842de2 text-left\">\n\t\t\t<p style=\"text-align: center;\">At Ties Yap\u0131, we add value to the future by combining modern architecture, innovative design, and sustainable living spaces. In the projects we bring to life, we prioritize comfort, aesthetics, and investment value, constructing buildings that not only meet today's needs but also provide long-term benefits for the future.<\/p>\n\t\t<\/div>\n\t\t<\/div><\/div><\/div><\/div><div class=\"vc_row-full-width vc_clearfix\"><\/div><div id=\"projeler-row\" class=\"vc_row wpb_row vc_row-fluid vc_custom_1743577547893 wd-rs-67ece1c36e367\"><div class=\"wpb_column vc_column_container vc_col-sm-12\"><div class=\"vc_column-inner\"><div class=\"wpb_wrapper\"><div class=\"vc_row wpb_row vc_inner vc_row-fluid\"><div class=\"wpb_column vc_column_container vc_col-sm-4\"><div class=\"vc_column-inner\"><div class=\"wpb_wrapper\">\t\t\t<div class=\"info-box-wrapper\">\n\t\t\t\t<div id=\"wd-67fbe6e0d1310\" class=\"wd-rs-67fbe6e0d1310 wd-info-box wd-wpb text-left box-icon-align-top box-style- color-scheme- wd-bg-none with-btn box-btn-static\">\n\t\t\t\t\t\t\t\t\t\t\t<div class=\"box-icon-wrapper  box-with-icon box-icon-simple\">\n\t\t\t\t\t\t\t<div class=\"info-box-icon\">\n\n\t\t\t\t\t\t\t\n\t\t\t\t\t\t\t\t\t\t\t\t\t\t\t\t\t<img loading=\"lazy\" decoding=\"async\" width=\"1600\" height=\"1600\" src=\"https:\/\/tiesyapi.com\/wp-content\/uploads\/2025\/04\/kemikler-blue-fort-thumb-img-1.jpg\" class=\"attachment-1600x1600 size-1600x1600\" alt=\"\" srcset=\"https:\/\/tiesyapi.com\/wp-content\/uploads\/2025\/04\/kemikler-blue-fort-thumb-img-1.jpg 1600w, https:\/\/tiesyapi.com\/wp-content\/uploads\/2025\/04\/kemikler-blue-fort-thumb-img-1-300x300.jpg 300w, https:\/\/tiesyapi.com\/wp-content\/uploads\/2025\/04\/kemikler-blue-fort-thumb-img-1-1024x1024.jpg 1024w, https:\/\/tiesyapi.com\/wp-content\/uploads\/2025\/04\/kemikler-blue-fort-thumb-img-1-150x150.jpg 150w, https:\/\/tiesyapi.com\/wp-content\/uploads\/2025\/04\/kemikler-blue-fort-thumb-img-1-768x768.jpg 768w, https:\/\/tiesyapi.com\/wp-content\/uploads\/2025\/04\/kemikler-blue-fort-thumb-img-1-1536x1536.jpg 1536w\" sizes=\"auto, (max-width: 1600px) 100vw, 1600px\" \/>\t\t\t\t\t\t\t\t\t\t\t\t\t\t\t\n\t\t\t\t\t\t\t<\/div>\n\t\t\t\t\t\t<\/div>\n\t\t\t\t\t\t\t\t\t\t<div class=\"info-box-content\">\n\t\t\t\t\t\t<h4 class=\"info-box-title title box-title-style-default wd-fontsize-m\">Green Fort Villas<\/h4>\t\t\t\t\t\t<div class=\"info-box-inner reset-last-child\"><\/div>\n\n\t\t\t\t\t\t<div class=\"info-btn-wrapper\"><div id=\"wd-69ddc94c6c417\" class=\"wd-button-wrapper text-left\"><a href=\"https:\/\/tiesyapi.com\/en\/projeler\/green-fort-villalari\/\" title=\"Green Fort Villas\" class=\"btn btn-style-default btn-shape-rectangle btn-size-default\">View Project<\/a><\/div><\/div>\t\t\t\t\t<\/div>\n\n\t\t\t\t\t\n\t\t\t\t\t\t\t\t\t<\/div>\n\t\t\t<\/div>\n\t\t<\/div><\/div><\/div><div class=\"wpb_column vc_column_container vc_col-sm-4\"><div class=\"vc_column-inner\"><div class=\"wpb_wrapper\">\t\t\t<div class=\"info-box-wrapper\">\n\t\t\t\t<div id=\"wd-67fbe6f6dbc5a\" class=\"wd-rs-67fbe6f6dbc5a wd-info-box wd-wpb text-left box-icon-align-top box-style- color-scheme- wd-bg-none with-btn box-btn-static\">\n\t\t\t\t\t\t\t\t\t\t\t<div class=\"box-icon-wrapper  box-with-icon box-icon-simple\">\n\t\t\t\t\t\t\t<div class=\"info-box-icon\">\n\n\t\t\t\t\t\t\t\n\t\t\t\t\t\t\t\t\t\t\t\t\t\t\t\t\t<img loading=\"lazy\" decoding=\"async\" width=\"1600\" height=\"1600\" src=\"https:\/\/tiesyapi.com\/wp-content\/uploads\/2025\/04\/hayal-bodrum-thumb-img-1.jpg\" class=\"attachment-1600x1600 size-1600x1600\" alt=\"\" srcset=\"https:\/\/tiesyapi.com\/wp-content\/uploads\/2025\/04\/hayal-bodrum-thumb-img-1.jpg 1600w, https:\/\/tiesyapi.com\/wp-content\/uploads\/2025\/04\/hayal-bodrum-thumb-img-1-300x300.jpg 300w, https:\/\/tiesyapi.com\/wp-content\/uploads\/2025\/04\/hayal-bodrum-thumb-img-1-1024x1024.jpg 1024w, https:\/\/tiesyapi.com\/wp-content\/uploads\/2025\/04\/hayal-bodrum-thumb-img-1-150x150.jpg 150w, https:\/\/tiesyapi.com\/wp-content\/uploads\/2025\/04\/hayal-bodrum-thumb-img-1-768x768.jpg 768w, https:\/\/tiesyapi.com\/wp-content\/uploads\/2025\/04\/hayal-bodrum-thumb-img-1-1536x1536.jpg 1536w\" sizes=\"auto, (max-width: 1600px) 100vw, 1600px\" \/>\t\t\t\t\t\t\t\t\t\t\t\t\t\t\t\n\t\t\t\t\t\t\t<\/div>\n\t\t\t\t\t\t<\/div>\n\t\t\t\t\t\t\t\t\t\t<div class=\"info-box-content\">\n\t\t\t\t\t\t<h4 class=\"info-box-title title box-title-style-default wd-fontsize-m\">Elithya Villas<\/h4>\t\t\t\t\t\t<div class=\"info-box-inner reset-last-child\"><\/div>\n\n\t\t\t\t\t\t<div class=\"info-btn-wrapper\"><div id=\"wd-69ddc94c6c87e\" class=\"wd-button-wrapper text-left\"><a href=\"https:\/\/tiesyapi.com\/en\/projeler\/elithya-villalari\/\" title=\"Elithya Villas\" class=\"btn btn-style-default btn-shape-rectangle btn-size-default\">View Project<\/a><\/div><\/div>\t\t\t\t\t<\/div>\n\n\t\t\t\t\t\n\t\t\t\t\t\t\t\t\t<\/div>\n\t\t\t<\/div>\n\t\t<\/div><\/div><\/div><div class=\"wpb_column vc_column_container vc_col-sm-4\"><div class=\"vc_column-inner\"><div class=\"wpb_wrapper\">\t\t\t<div class=\"info-box-wrapper\">\n\t\t\t\t<div id=\"wd-67fbe70d528dc\" class=\"wd-rs-67fbe70d528dc wd-info-box wd-wpb text-left box-icon-align-top box-style- color-scheme- wd-bg-none with-btn box-btn-static\">\n\t\t\t\t\t\t\t\t\t\t\t<div class=\"box-icon-wrapper  box-with-icon box-icon-simple\">\n\t\t\t\t\t\t\t<div class=\"info-box-icon\">\n\n\t\t\t\t\t\t\t\n\t\t\t\t\t\t\t\t\t\t\t\t\t\t\t\t\t<img loading=\"lazy\" decoding=\"async\" width=\"1600\" height=\"1600\" src=\"https:\/\/tiesyapi.com\/wp-content\/uploads\/2025\/04\/gulluk-thumb-img-1.jpg\" class=\"attachment-1600x1600 size-1600x1600\" alt=\"\" srcset=\"https:\/\/tiesyapi.com\/wp-content\/uploads\/2025\/04\/gulluk-thumb-img-1.jpg 1600w, https:\/\/tiesyapi.com\/wp-content\/uploads\/2025\/04\/gulluk-thumb-img-1-300x300.jpg 300w, https:\/\/tiesyapi.com\/wp-content\/uploads\/2025\/04\/gulluk-thumb-img-1-1024x1024.jpg 1024w, https:\/\/tiesyapi.com\/wp-content\/uploads\/2025\/04\/gulluk-thumb-img-1-150x150.jpg 150w, https:\/\/tiesyapi.com\/wp-content\/uploads\/2025\/04\/gulluk-thumb-img-1-768x768.jpg 768w, https:\/\/tiesyapi.com\/wp-content\/uploads\/2025\/04\/gulluk-thumb-img-1-1536x1536.jpg 1536w\" sizes=\"auto, (max-width: 1600px) 100vw, 1600px\" \/>\t\t\t\t\t\t\t\t\t\t\t\t\t\t\t\n\t\t\t\t\t\t\t<\/div>\n\t\t\t\t\t\t<\/div>\n\t\t\t\t\t\t\t\t\t\t<div class=\"info-box-content\">\n\t\t\t\t\t\t<h4 class=\"info-box-title title box-title-style-default wd-fontsize-m\">G\u00fcll\u00fck Villas<\/h4>\t\t\t\t\t\t<div class=\"info-box-inner reset-last-child\"><\/div>\n\n\t\t\t\t\t\t<div class=\"info-btn-wrapper\"><div id=\"wd-69ddc94c6cc28\" class=\"wd-button-wrapper text-left\"><a href=\"https:\/\/tiesyapi.com\/en\/projeler\/gulluk-villalari\/\" title=\"G\u00fcll\u00fck Villas\" class=\"btn btn-style-default btn-shape-rectangle btn-size-default\">View Project<\/a><\/div><\/div>\t\t\t\t\t<\/div>\n\n\t\t\t\t\t\n\t\t\t\t\t\t\t\t\t<\/div>\n\t\t\t<\/div>\n\t\t<\/div><\/div><\/div><\/div><\/div><\/div><\/div><\/div>\n<\/div>","protected":false},"excerpt":{"rendered":"Projeler Ties Yap\u0131 olarak, modern mimariyi, yenilik\u00e7i tasar\u0131m\u0131 ve s\u00fcrd\u00fcr\u00fclebilir ya\u015fam alanlar\u0131n\u0131 bir araya getirerek gelece\u011fe de\u011fer kat\u0131yoruz. Hayata ge\u00e7irdi\u011fimiz","protected":false},"author":1,"featured_media":0,"parent":0,"menu_order":0,"comment_status":"closed","ping_status":"closed","template":"","meta":{"footnotes":""},"class_list":["post-40","page","type-page","status-publish","hentry"],"_links":{"self":[{"href":"https:\/\/tiesyapi.com\/en\/wp-json\/wp\/v2\/pages\/40","targetHints":{"allow":["GET"]}}],"collection":[{"href":"https:\/\/tiesyapi.com\/en\/wp-json\/wp\/v2\/pages"}],"about":[{"href":"https:\/\/tiesyapi.com\/en\/wp-json\/wp\/v2\/types\/page"}],"author":[{"embeddable":true,"href":"https:\/\/tiesyapi.com\/en\/wp-json\/wp\/v2\/users\/1"}],"replies":[{"embeddable":true,"href":"https:\/\/tiesyapi.com\/en\/wp-json\/wp\/v2\/comments?post=40"}],"version-history":[{"count":23,"href":"https:\/\/tiesyapi.com\/en\/wp-json\/wp\/v2\/pages\/40\/revisions"}],"predecessor-version":[{"id":337,"href":"https:\/\/tiesyapi.com\/en\/wp-json\/wp\/v2\/pages\/40\/revisions\/337"}],"wp:attachment":[{"href":"https:\/\/tiesyapi.com\/en\/wp-json\/wp\/v2\/media?parent=40"}],"curies":[{"name":"wp","href":"https:\/\/api.w.org\/{rel}","templated":true}]}}