{"id":11,"date":"2025-02-26T11:49:34","date_gmt":"2025-02-26T11:49:34","guid":{"rendered":"https:\/\/tiesyapi.com\/?page_id=11"},"modified":"2025-04-12T14:57:23","modified_gmt":"2025-04-12T14:57:23","slug":"anasayfa","status":"publish","type":"page","link":"https:\/\/tiesyapi.com\/en\/","title":{"rendered":"Anasayfa"},"content":{"rendered":"<div class=\"wpb-content-wrapper\"><div id=\"slide-row\" class=\"vc_row wpb_row vc_row-fluid wd-rs-67bf1bff4be68\"><div class=\"wpb_column vc_column_container vc_col-sm-12\"><div class=\"vc_column-inner\"><div class=\"wpb_wrapper\">\t\t\t<link rel=\"stylesheet\" id=\"xts-style-term-2-css\" href=\"https:\/\/tiesyapi.com\/wp-content\/uploads\/2025\/04\/xts-term-2-1745404183.css?ver=8.0.6\" type=\"text\/css\" media=\"all\">  \t\t\t<style>\t\t\t\t\t\t\t#slide-35 .wd-slide-container {\n\t\t\t\t\t\t\t\t\t\t--wd-align-items: center;\n\t\t\t\t\t\t\t\t\t\t\t\t\t\t\t--wd-justify-content: center;\n\t\t\t\t\t\t\t\t\t}\n\t\t\t\t\t\t\t\t#slide-35.woodmart-loaded .wd-slide-bg {\n\t\t\t\tbackground-image:url(https:\/\/tiesyapi.com\/wp-content\/uploads\/2025\/02\/kemikler-blue-fort-desktop-slide-img-260225-1.jpg);\t\t\t\t}\n\n\t\t\t\t#slide-35 .wd-slide-bg {\n\t\t\t\tbackground-color:#fefefe;\t\t\t\tbackground-size:cover;\n\t\t\t\t\t\t\t\t\t\tbackground-position:center center;\t\t\t\t\t\t\t\t\t}\n\n\t\t\t\t\n\t\t\t\t@media (max-width: 1024px) {\n\t\t\t\t\n\t\t\t\t\n\t\t\t\t\n\t\t\t\t\t#slide-35 .wd-slide-bg {\n\t\t\t\t\t\t\t\t\t\t\t\t\t\t\t\t\t\t\n\t\t\t\t\t\t\t\t\t\t\t\t\t\t\t\t\t\t\t\t\t\t\t}\n\t\t\t\t}\n\n\t\t\t\t@media (max-width: 767px) {\n\t\t\t\t\n\t\t\t\t\n\t\t\t\t\n\t\t\t\t\t#slide-35 .wd-slide-bg {\n\t\t\t\t\t\t\t\t\t\t\t\t\t\t\t\t\t\t\n\t\t\t\t\t\t\t\t\t\t\t\t\t\t\t\t\t\t\t\t\t\t\t}\n\t\t\t\t}\n\n\t\t\t\t\n\t\t\t\t\t\t\t\t\t\t\t\t\t\t\t#slide-51 .wd-slide-container {\n\t\t\t\t\t\t\t\t\t\t--wd-align-items: center;\n\t\t\t\t\t\t\t\t\t\t\t\t\t\t\t--wd-justify-content: center;\n\t\t\t\t\t\t\t\t\t}\n\t\t\t\t\t\t\t\t#slide-51.woodmart-loaded .wd-slide-bg {\n\t\t\t\tbackground-image:url(https:\/\/tiesyapi.com\/wp-content\/uploads\/2025\/02\/gulluk-slide-img-020425-1.jpg);\t\t\t\t}\n\n\t\t\t\t#slide-51 .wd-slide-bg {\n\t\t\t\tbackground-color:#fefefe;\t\t\t\tbackground-size:cover;\n\t\t\t\t\t\t\t\t\t\tbackground-position:center center;\t\t\t\t\t\t\t\t\t}\n\n\t\t\t\t\n\t\t\t\t@media (max-width: 1024px) {\n\t\t\t\t\n\t\t\t\t\n\t\t\t\t\n\t\t\t\t\t#slide-51 .wd-slide-bg {\n\t\t\t\t\t\t\t\t\t\t\t\t\t\t\t\t\t\t\n\t\t\t\t\t\t\t\t\t\t\t\t\t\t\t\t\t\t\t\t\t\t\t}\n\t\t\t\t}\n\n\t\t\t\t@media (max-width: 767px) {\n\t\t\t\t\n\t\t\t\t\n\t\t\t\t\n\t\t\t\t\t#slide-51 .wd-slide-bg {\n\t\t\t\t\t\t\t\t\t\t\t\t\t\t\t\t\t\t\n\t\t\t\t\t\t\t\t\t\t\t\t\t\t\t\t\t\t\t\t\t\t\t}\n\t\t\t\t}\n\n\t\t\t\t\n\t\t\t\t\t\t\t\t\t\t\t\t\t\t\t#slide-224 .wd-slide-container {\n\t\t\t\t\t\t\t\t\t\t--wd-align-items: center;\n\t\t\t\t\t\t\t\t\t\t\t\t\t\t\t--wd-justify-content: center;\n\t\t\t\t\t\t\t\t\t}\n\t\t\t\t\t\t\t\t#slide-224.woodmart-loaded .wd-slide-bg {\n\t\t\t\tbackground-image:url(https:\/\/tiesyapi.com\/wp-content\/uploads\/2025\/04\/hayal-bodrum-slide-img-020425-1.jpg);\t\t\t\t}\n\n\t\t\t\t#slide-224 .wd-slide-bg {\n\t\t\t\tbackground-color:#fefefe;\t\t\t\tbackground-size:cover;\n\t\t\t\t\t\t\t\t\t\tbackground-position:center center;\t\t\t\t\t\t\t\t\t}\n\n\t\t\t\t\n\t\t\t\t@media (max-width: 1024px) {\n\t\t\t\t\n\t\t\t\t\n\t\t\t\t\n\t\t\t\t\t#slide-224 .wd-slide-bg {\n\t\t\t\t\t\t\t\t\t\t\t\t\t\t\t\t\t\t\n\t\t\t\t\t\t\t\t\t\t\t\t\t\t\t\t\t\t\t\t\t\t\t}\n\t\t\t\t}\n\n\t\t\t\t@media (max-width: 767px) {\n\t\t\t\t\n\t\t\t\t\n\t\t\t\t\n\t\t\t\t\t#slide-224 .wd-slide-bg {\n\t\t\t\t\t\t\t\t\t\t\t\t\t\t\t\t\t\t\n\t\t\t\t\t\t\t\t\t\t\t\t\t\t\t\t\t\t\t\t\t\t\t}\n\t\t\t\t}\n\n\t\t\t\t\n\t\t\t\t\t\t\t\t<\/style>\n\t\t<div id=\"slider-2\" data-id=\"2\" class=\"wd-slider wd-carousel-container wd-anim-parallax wd-section-stretch-content\">\n\t\t\t<div class=\"wd-carousel-inner\">\n\t\t\t\t<div class=\"wd-carousel wd-grid scroll-init\" data-speed=\"5500\" data-wrap=\"yes\" data-autoplay=\"yes\" data-autoheight=\"yes\" data-scroll_per_page=\"yes\" data-sliding_speed=\"700\" data-effect=\"parallax\" style=\"--wd-col-lg:1;--wd-col-md:1;--wd-col-sm:1;\">\n\t\t\t\t\t<div class=\"wd-carousel-wrap\">\n\t\t\t\t\t\t\t\t\t\t\t\t\t\t\t\t\t\t\t\t<div id=\"slide-35\" class=\"wd-slide wd-carousel-item woodmart-loaded\" >\n\t\t\t\t\t\t\t\t\t\t\t\t\t\t\t\t<div class=\"container wd-slide-container content-full-width\">\n\t\t\t\t\t\t\t\t\t<div class=\"wd-slide-inner\">\n\t\t\t\t\t\t\t\t\t\t\t\t\t\t\t\t\t\t\t\t\t<div class=\"wpb-content-wrapper\"><div class=\"vc_row wpb_row vc_row-fluid\"><div class=\"wpb_column vc_column_container vc_col-sm-12\"><div class=\"vc_column-inner\"><div class=\"wpb_wrapper\">\t\t<div id=\"wd-67fe25366cd36\" class=\"wd-text-block wd-wpb reset-last-child wd-animation-slide-from-top wd-animation-normal wd-rs-67fe25366cd36 text-left\">\n\t\t\t<div class=\"slide-text-content\">\n<h1 style=\"text-align: center;\">Green Fort<\/h1>\n<p style=\"text-align: center;\"><a href=\"\/en\/projeler\/green-fort-villalari\/\">Ke\u015ffet<\/a><\/p>\n<\/div>\n\t\t<\/div>\n\t\t<\/div><\/div><\/div><\/div>\n<\/div>\t\t\t\t\t\t\t\t\t\t\t\t\t\t\t\t\t\t\t<\/div>\n\t\t\t\t\t\t\t\t<\/div>\n\n\t\t\t\t\t\t\t\t<div class=\"wd-slide-bg wd-fill\"><\/div>\n\n\t\t\t\t\t\t\t\t\t\t\t\t\t\t\t<\/div>\n\n\t\t\t\t\t\t\t\t\t\t\t\t\t\t\t\t\t\t\t\t\t\t\t\t\t\t\t\t\t\t\t\t\t\t\t\t\t\t\t\t\t\t<div id=\"slide-51\" class=\"wd-slide wd-carousel-item\" >\n\t\t\t\t\t\t\t\t\t\t\t\t\t\t\t\t<div class=\"container wd-slide-container content-full-width wd-padding-off\">\n\t\t\t\t\t\t\t\t\t<div class=\"wd-slide-inner\">\n\t\t\t\t\t\t\t\t\t\t\t\t\t\t\t\t\t\t\t\t\t<div class=\"wpb-content-wrapper\"><div class=\"vc_row wpb_row vc_row-fluid\"><div class=\"wpb_column vc_column_container vc_col-sm-12\"><div class=\"vc_column-inner\"><div class=\"wpb_wrapper\">\t\t<div id=\"wd-67fe255db0a86\" class=\"wd-text-block wd-wpb reset-last-child wd-animation-slide-from-top wd-animation-normal wd-rs-67fe255db0a86 text-left\">\n\t\t\t<div class=\"slide-text-content\">\n<h1 style=\"text-align: center;\">G\u00fcll\u00fck Villas<\/h1>\n<p style=\"text-align: center;\"><a href=\"\/en\/projeler\/gulluk-villalari\/\">Ke\u015ffet<\/a><\/p>\n<\/div>\n\t\t<\/div>\n\t\t<\/div><\/div><\/div><\/div>\n<\/div>\t\t\t\t\t\t\t\t\t\t\t\t\t\t\t\t\t\t\t<\/div>\n\t\t\t\t\t\t\t\t<\/div>\n\n\t\t\t\t\t\t\t\t<div class=\"wd-slide-bg wd-fill\"><\/div>\n\n\t\t\t\t\t\t\t\t\t\t\t\t\t\t\t<\/div>\n\n\t\t\t\t\t\t\t\t\t\t\t\t\t\t\t\t\t\t\t\t\t\t\t\t\t\t\t<div id=\"slide-224\" class=\"wd-slide wd-carousel-item\" >\n\t\t\t\t\t\t\t\t\t\t\t\t\t\t\t\t<div class=\"container wd-slide-container content-full-width wd-padding-off\">\n\t\t\t\t\t\t\t\t\t<div class=\"wd-slide-inner\">\n\t\t\t\t\t\t\t\t\t\t\t\t\t\t\t\t\t\t\t\t\t<div class=\"wpb-content-wrapper\"><div class=\"vc_row wpb_row vc_row-fluid\"><div class=\"wpb_column vc_column_container vc_col-sm-12\"><div class=\"vc_column-inner\"><div class=\"wpb_wrapper\">\t\t<div id=\"wd-67fa57a1cd7f4\" class=\"wd-text-block wd-wpb reset-last-child wd-animation-slide-from-top wd-animation-normal wd-rs-67fa57a1cd7f4 text-left\">\n\t\t\t<div class=\"slide-text-content\">\n<h1 style=\"text-align: center;\">Elithya Villas<\/h1>\n<p style=\"text-align: center;\"><a href=\"\/en\/projeler\/elithya-villalari\/\">Ke\u015ffet<\/a><\/p>\n<\/div>\n\t\t<\/div>\n\t\t<\/div><\/div><\/div><\/div>\n<\/div>\t\t\t\t\t\t\t\t\t\t\t\t\t\t\t\t\t\t\t<\/div>\n\t\t\t\t\t\t\t\t<\/div>\n\n\t\t\t\t\t\t\t\t<div class=\"wd-slide-bg wd-fill\"><\/div>\n\n\t\t\t\t\t\t\t\t\t\t\t\t\t\t\t<\/div>\n\n\t\t\t\t\t\t\t\t\t\t\t\t\t\t\t\t\t\t<\/div>\n\t\t\t\t<\/div>\n\n\t\t\t\t\t\t\t\t\t\t\t\t\t\t<div class=\"wd-nav-arrows wd-slider-arrows wd-custom-style wd-style-2 wd-pos-sep color-scheme-dark\">\n\t\t\t\t\t\t<div class=\"wd-btn-arrow wd-prev\">\n\t\t\t\t\t\t\t<div class=\"wd-arrow-inner\"><\/div>\n\t\t\t\t\t\t<\/div>\n\t\t\t\t\t\t<div class=\"wd-btn-arrow wd-next\">\n\t\t\t\t\t\t\t<div class=\"wd-arrow-inner\"><\/div>\n\t\t\t\t\t\t<\/div>\n\t\t\t\t\t<\/div>\n\t\t\t\t\t\t\t<\/div>\n\n\t\t\t\t\t\t\t\t\t\t\t<div class=\"wd-nav-pagin-wrap wd-slider-pagin wd-custom-style wd-style-number-2 text-center color-scheme-light\">\n\t\t\t\t\t<ul class=\"wd-nav-pagin\"><\/ul>\n\t\t\t\t<\/div>\n\t\t\t\t\t<\/div>\n\t\t<\/div><\/div><\/div><\/div><div id=\"hakkimizda-row\" class=\"vc_row wpb_row vc_row-fluid vc_custom_1743574540575 wd-rs-67ecd6066c465\"><div class=\"wpb_column vc_column_container vc_col-sm-12\"><div class=\"vc_column-inner\"><div class=\"wpb_wrapper\">\n\t<div class=\"wpb_text_column wpb_content_element\" >\n\t\t<div class=\"wpb_wrapper\">\n\t\t\t<div class=\"hakkimizda-row\">\n<h1>By meticulously processing every square centimeter, we design thoughtful and elegant living spaces that bring together aesthetics and functionality.<\/h1>\n<p><a href=\"\/en\/hakkimizda\/\">Ke\u015ffet<\/a><\/p>\n<\/div>\n\n\t\t<\/div>\n\t<\/div>\n<\/div><\/div><\/div><\/div><div id=\"video-row\" class=\"vc_row wpb_row vc_row-fluid vc_custom_1743574954077 wd-rs-67ecd7a101d58\"><div class=\"wpb_column vc_column_container vc_col-sm-12\"><div class=\"vc_column-inner\"><div class=\"wpb_wrapper\">\t\t<div class=\"wd-el-video wd-wpb wd-rs-67bf2ba93d2c8 wd-action-without wd-video-hosted wd-with-aspect-ratio\">\n\t\t\t\t\t\t\t<video src=\"https:\/\/tiesyapi.com\/wp-content\/uploads\/2025\/02\/ties-homepage-video-260225-1.mp4\" playsinline loop muted autoplay><\/video>\t\t\t\n\t\t\t\n\t\t\t\n\t\t\t\t\t<\/div>\n\t\t<\/div><\/div><\/div><\/div><div id=\"iletisim-row\" data-vc-full-width=\"true\" data-vc-full-width-init=\"false\" data-vc-stretch-content=\"true\" class=\"vc_row wpb_row vc_row-fluid vc_custom_1743575144528 vc_row-has-fill vc_row-no-padding vc_row-o-equal-height vc_row-flex wd-rs-67ecd85b47fbc\"><div class=\"wpb_column vc_column_container vc_col-sm-6\"><div class=\"vc_column-inner\"><div class=\"wpb_wrapper\">\t\t<div id=\"wd-67ec3a0796518\" class=\"wd-text-block wd-wpb reset-last-child wd-rs-67ec3a0796518 text-left\">\n\t\t\t<h2>Luxurious life designed specifically for you<\/h2>\n<p>Ties Yap\u0131, which has undertaken housing projects that draw attention with its innovative approach, extraordinary projects and pioneering vision, continues to reinforce its reliability in the sector with the high customer satisfaction it has achieved in all the projects it has delivered.<\/p>\n<p>Ties Yap\u0131 carefully selects locations that offer peace, tranquility, and a close connection to nature in its projects, while also prioritizing areas with high investment value, rapid appreciation, and strong potential for returns\u2014especially in foreign currency. By analyzing emerging or development-prone regions in advance, Ties Yap\u0131 shapes its investments strategically and stands as a strong brand that leads regional development through its projects.<\/p>\n<p><a href=\"\/en\/iletisim\/\">Contact Us<\/a><\/p>\n\t\t<\/div>\n\t\t<\/div><\/div><\/div><div class=\"wpb_column vc_column_container vc_col-sm-6\"><div class=\"vc_column-inner\"><div class=\"wpb_wrapper\">\t\t<div id=\"wd-67ec3512390de\" class=\"wd-image wd-wpb wd-rs-67ec3512390de text-center\">\n\t\t\t\n\t\t\t<img loading=\"lazy\" decoding=\"async\" width=\"1920\" height=\"1280\" src=\"https:\/\/tiesyapi.com\/wp-content\/uploads\/2025\/04\/homepage-hakkimizda-banner-img-1-1920x1280.jpg\" class=\"attachment-1920x1280 size-1920x1280\" alt=\"\" srcset=\"https:\/\/tiesyapi.com\/wp-content\/uploads\/2025\/04\/homepage-hakkimizda-banner-img-1-1920x1280.jpg 1920w, https:\/\/tiesyapi.com\/wp-content\/uploads\/2025\/04\/homepage-hakkimizda-banner-img-1-300x200.jpg 300w, https:\/\/tiesyapi.com\/wp-content\/uploads\/2025\/04\/homepage-hakkimizda-banner-img-1-1024x684.jpg 1024w, https:\/\/tiesyapi.com\/wp-content\/uploads\/2025\/04\/homepage-hakkimizda-banner-img-1-768x513.jpg 768w\" sizes=\"auto, (max-width: 1920px) 100vw, 1920px\" \/>\n\t\t\t\t\t<\/div>\n\t\t<\/div><\/div><\/div><\/div><div class=\"vc_row-full-width vc_clearfix\"><\/div><div id=\"projeler-row\" class=\"vc_row wpb_row vc_row-fluid vc_custom_1743575506602 wd-rs-67ecd9b72a5d2\"><div class=\"wpb_column vc_column_container vc_col-sm-12\"><div class=\"vc_column-inner\"><div class=\"wpb_wrapper\">\t\t<div id=\"wd-67ec45c569eb4\" class=\"wd-text-block wd-wpb reset-last-child wd-rs-67ec45c569eb4 text-left\">\n\t\t\t<div class=\"projeler-text-content\">\n<h2>Projects<\/h2>\n<h3>Innovative and Independent<\/h3>\n<\/div>\n\t\t<\/div>\n\t\t<div class=\"vc_row wpb_row vc_inner vc_row-fluid\"><div class=\"wpb_column vc_column_container vc_col-sm-4\"><div class=\"vc_column-inner\"><div class=\"wpb_wrapper\">\t\t\t<div class=\"info-box-wrapper\">\n\t\t\t\t<div id=\"wd-67fa7f24aae8e\" class=\"wd-rs-67fa7f24aae8e wd-info-box wd-wpb text-left box-icon-align-top box-style- color-scheme- wd-bg-none with-btn box-btn-static\">\n\t\t\t\t\t\t\t\t\t\t\t<div class=\"box-icon-wrapper  box-with-icon box-icon-simple\">\n\t\t\t\t\t\t\t<div class=\"info-box-icon\">\n\n\t\t\t\t\t\t\t\n\t\t\t\t\t\t\t\t\t\t\t\t\t\t\t\t\t<img loading=\"lazy\" decoding=\"async\" width=\"1600\" height=\"1600\" src=\"https:\/\/tiesyapi.com\/wp-content\/uploads\/2025\/04\/kemikler-blue-fort-thumb-img-1.jpg\" class=\"attachment-1600x1600 size-1600x1600\" alt=\"\" srcset=\"https:\/\/tiesyapi.com\/wp-content\/uploads\/2025\/04\/kemikler-blue-fort-thumb-img-1.jpg 1600w, https:\/\/tiesyapi.com\/wp-content\/uploads\/2025\/04\/kemikler-blue-fort-thumb-img-1-300x300.jpg 300w, https:\/\/tiesyapi.com\/wp-content\/uploads\/2025\/04\/kemikler-blue-fort-thumb-img-1-1024x1024.jpg 1024w, https:\/\/tiesyapi.com\/wp-content\/uploads\/2025\/04\/kemikler-blue-fort-thumb-img-1-150x150.jpg 150w, https:\/\/tiesyapi.com\/wp-content\/uploads\/2025\/04\/kemikler-blue-fort-thumb-img-1-768x768.jpg 768w, https:\/\/tiesyapi.com\/wp-content\/uploads\/2025\/04\/kemikler-blue-fort-thumb-img-1-1536x1536.jpg 1536w\" sizes=\"auto, (max-width: 1600px) 100vw, 1600px\" \/>\t\t\t\t\t\t\t\t\t\t\t\t\t\t\t\n\t\t\t\t\t\t\t<\/div>\n\t\t\t\t\t\t<\/div>\n\t\t\t\t\t\t\t\t\t\t<div class=\"info-box-content\">\n\t\t\t\t\t\t<h4 class=\"info-box-title title box-title-style-default wd-fontsize-m\">Green Fort Villas<\/h4>\t\t\t\t\t\t<div class=\"info-box-inner reset-last-child\"><\/div>\n\n\t\t\t\t\t\t<div class=\"info-btn-wrapper\"><div id=\"wd-69ddb10442f51\" class=\"wd-button-wrapper text-left\"><a href=\"https:\/\/tiesyapi.com\/en\/projeler\/green-fort-villalari\/\" title=\"Green Fort Villas\" class=\"btn btn-style-default btn-shape-rectangle btn-size-default\">View Project<\/a><\/div><\/div>\t\t\t\t\t<\/div>\n\n\t\t\t\t\t\n\t\t\t\t\t\t\t\t\t<\/div>\n\t\t\t<\/div>\n\t\t<\/div><\/div><\/div><div class=\"wpb_column vc_column_container vc_col-sm-4\"><div class=\"vc_column-inner\"><div class=\"wpb_wrapper\">\t\t\t<div class=\"info-box-wrapper\">\n\t\t\t\t<div id=\"wd-67fa7f338a5cd\" class=\"wd-rs-67fa7f338a5cd wd-info-box wd-wpb text-left box-icon-align-top box-style- color-scheme- wd-bg-none with-btn box-btn-static\">\n\t\t\t\t\t\t\t\t\t\t\t<div class=\"box-icon-wrapper  box-with-icon box-icon-simple\">\n\t\t\t\t\t\t\t<div class=\"info-box-icon\">\n\n\t\t\t\t\t\t\t\n\t\t\t\t\t\t\t\t\t\t\t\t\t\t\t\t\t<img loading=\"lazy\" decoding=\"async\" width=\"1600\" height=\"1600\" src=\"https:\/\/tiesyapi.com\/wp-content\/uploads\/2025\/04\/hayal-bodrum-thumb-img-1.jpg\" class=\"attachment-1600x1600 size-1600x1600\" alt=\"\" srcset=\"https:\/\/tiesyapi.com\/wp-content\/uploads\/2025\/04\/hayal-bodrum-thumb-img-1.jpg 1600w, https:\/\/tiesyapi.com\/wp-content\/uploads\/2025\/04\/hayal-bodrum-thumb-img-1-300x300.jpg 300w, https:\/\/tiesyapi.com\/wp-content\/uploads\/2025\/04\/hayal-bodrum-thumb-img-1-1024x1024.jpg 1024w, https:\/\/tiesyapi.com\/wp-content\/uploads\/2025\/04\/hayal-bodrum-thumb-img-1-150x150.jpg 150w, https:\/\/tiesyapi.com\/wp-content\/uploads\/2025\/04\/hayal-bodrum-thumb-img-1-768x768.jpg 768w, https:\/\/tiesyapi.com\/wp-content\/uploads\/2025\/04\/hayal-bodrum-thumb-img-1-1536x1536.jpg 1536w\" sizes=\"auto, (max-width: 1600px) 100vw, 1600px\" \/>\t\t\t\t\t\t\t\t\t\t\t\t\t\t\t\n\t\t\t\t\t\t\t<\/div>\n\t\t\t\t\t\t<\/div>\n\t\t\t\t\t\t\t\t\t\t<div class=\"info-box-content\">\n\t\t\t\t\t\t<h4 class=\"info-box-title title box-title-style-default wd-fontsize-m\">Elithya Villas<\/h4>\t\t\t\t\t\t<div class=\"info-box-inner reset-last-child\"><\/div>\n\n\t\t\t\t\t\t<div class=\"info-btn-wrapper\"><div id=\"wd-69ddb10443281\" class=\"wd-button-wrapper text-left\"><a href=\"https:\/\/tiesyapi.com\/en\/projeler\/elithya-villalari\/\" title=\"Elithya Villas\" class=\"btn btn-style-default btn-shape-rectangle btn-size-default\">View Project<\/a><\/div><\/div>\t\t\t\t\t<\/div>\n\n\t\t\t\t\t\n\t\t\t\t\t\t\t\t\t<\/div>\n\t\t\t<\/div>\n\t\t<\/div><\/div><\/div><div class=\"wpb_column vc_column_container vc_col-sm-4\"><div class=\"vc_column-inner\"><div class=\"wpb_wrapper\">\t\t\t<div class=\"info-box-wrapper\">\n\t\t\t\t<div id=\"wd-67fa7f3f8adaa\" class=\"wd-rs-67fa7f3f8adaa wd-info-box wd-wpb text-left box-icon-align-top box-style- color-scheme- wd-bg-none with-btn box-btn-static\">\n\t\t\t\t\t\t\t\t\t\t\t<div class=\"box-icon-wrapper  box-with-icon box-icon-simple\">\n\t\t\t\t\t\t\t<div class=\"info-box-icon\">\n\n\t\t\t\t\t\t\t\n\t\t\t\t\t\t\t\t\t\t\t\t\t\t\t\t\t<img loading=\"lazy\" decoding=\"async\" width=\"1600\" height=\"1600\" src=\"https:\/\/tiesyapi.com\/wp-content\/uploads\/2025\/04\/gulluk-thumb-img-1.jpg\" class=\"attachment-1600x1600 size-1600x1600\" alt=\"\" srcset=\"https:\/\/tiesyapi.com\/wp-content\/uploads\/2025\/04\/gulluk-thumb-img-1.jpg 1600w, https:\/\/tiesyapi.com\/wp-content\/uploads\/2025\/04\/gulluk-thumb-img-1-300x300.jpg 300w, https:\/\/tiesyapi.com\/wp-content\/uploads\/2025\/04\/gulluk-thumb-img-1-1024x1024.jpg 1024w, https:\/\/tiesyapi.com\/wp-content\/uploads\/2025\/04\/gulluk-thumb-img-1-150x150.jpg 150w, https:\/\/tiesyapi.com\/wp-content\/uploads\/2025\/04\/gulluk-thumb-img-1-768x768.jpg 768w, https:\/\/tiesyapi.com\/wp-content\/uploads\/2025\/04\/gulluk-thumb-img-1-1536x1536.jpg 1536w\" sizes=\"auto, (max-width: 1600px) 100vw, 1600px\" \/>\t\t\t\t\t\t\t\t\t\t\t\t\t\t\t\n\t\t\t\t\t\t\t<\/div>\n\t\t\t\t\t\t<\/div>\n\t\t\t\t\t\t\t\t\t\t<div class=\"info-box-content\">\n\t\t\t\t\t\t<h4 class=\"info-box-title title box-title-style-default wd-fontsize-m\">G\u00fcll\u00fck Villas<\/h4>\t\t\t\t\t\t<div class=\"info-box-inner reset-last-child\"><\/div>\n\n\t\t\t\t\t\t<div class=\"info-btn-wrapper\"><div id=\"wd-69ddb10443613\" class=\"wd-button-wrapper text-left\"><a href=\"https:\/\/tiesyapi.com\/en\/projeler\/gulluk-villalari\/\" title=\"G\u00fcll\u00fck Villas\" class=\"btn btn-style-default btn-shape-rectangle btn-size-default\">View Project<\/a><\/div><\/div>\t\t\t\t\t<\/div>\n\n\t\t\t\t\t\n\t\t\t\t\t\t\t\t\t<\/div>\n\t\t\t<\/div>\n\t\t<\/div><\/div><\/div><\/div><\/div><\/div><\/div><\/div>\n<\/div>","protected":false},"excerpt":{"rendered":"Green Fort Ke\u015ffet G\u00fcll\u00fck Villalar\u0131 Ke\u015ffet Elithya Villalar\u0131 Ke\u015ffet Her santimetrekareyi titizlikle i\u015fleyerek, estetik ve fonksiyonelli\u011fi bir araya getiren, ince","protected":false},"author":1,"featured_media":0,"parent":0,"menu_order":0,"comment_status":"closed","ping_status":"closed","template":"","meta":{"footnotes":""},"class_list":["post-11","page","type-page","status-publish","hentry"],"_links":{"self":[{"href":"https:\/\/tiesyapi.com\/en\/wp-json\/wp\/v2\/pages\/11","targetHints":{"allow":["GET"]}}],"collection":[{"href":"https:\/\/tiesyapi.com\/en\/wp-json\/wp\/v2\/pages"}],"about":[{"href":"https:\/\/tiesyapi.com\/en\/wp-json\/wp\/v2\/types\/page"}],"author":[{"embeddable":true,"href":"https:\/\/tiesyapi.com\/en\/wp-json\/wp\/v2\/users\/1"}],"replies":[{"embeddable":true,"href":"https:\/\/tiesyapi.com\/en\/wp-json\/wp\/v2\/comments?post=11"}],"version-history":[{"count":43,"href":"https:\/\/tiesyapi.com\/en\/wp-json\/wp\/v2\/pages\/11\/revisions"}],"predecessor-version":[{"id":322,"href":"https:\/\/tiesyapi.com\/en\/wp-json\/wp\/v2\/pages\/11\/revisions\/322"}],"wp:attachment":[{"href":"https:\/\/tiesyapi.com\/en\/wp-json\/wp\/v2\/media?parent=11"}],"curies":[{"name":"wp","href":"https:\/\/api.w.org\/{rel}","templated":true}]}}